{"id":104,"date":"2025-11-25T00:00:30","date_gmt":"2025-11-25T00:00:30","guid":{"rendered":"https:\/\/www.ljusglimtar.nu\/?page_id=104"},"modified":"2025-11-25T20:26:57","modified_gmt":"2025-11-25T20:26:57","slug":"alla-inlagg","status":"publish","type":"page","link":"https:\/\/www.ljusglimtar.nu\/de\/alla-inlagg\/","title":{"rendered":"Alle Stellen"},"content":{"rendered":"<ul class=\"wp-block-latest-posts__list has-dates has-author wp-block-latest-posts\"><li><a class=\"wp-block-latest-posts__post-title\" href=\"https:\/\/www.ljusglimtar.nu\/de\/thomas-tvivlaren\/\">Thomas - der Zweifler<\/a><div class=\"wp-block-latest-posts__post-author\">von thopfit<\/div><time datetime=\"2025-12-05T20:01:52+00:00\" class=\"wp-block-latest-posts__post-date\">5. Dezember 2025<\/time><div class=\"wp-block-latest-posts__post-excerpt\">Carvaggio 1571 &#8211; 1610, &#8221;The Incredulity of Saint Thomas&#8221;, 1601 En teologisk reflektion om tro, tvivel och vittnesb\u00f6rd Thomas namnsdag \u00e4r \u00e5ret kortaste, den 21.december. Han \u00e4r en fascinerande person och ber\u00e4ttelsen om honom \u00e4r djup. Hans reaktioner, fr\u00e5gor och krav\u2026\u00a0<a class=\"wp-block-latest-posts__read-more\" href=\"https:\/\/www.ljusglimtar.nu\/de\/thomas-tvivlaren\/\" rel=\"noopener noreferrer\"><span class=\"screen-reader-text\">Thomas - der Zweifler <\/span>weiterlesen<\/a><\/div><\/li>\n<li><a class=\"wp-block-latest-posts__post-title\" href=\"https:\/\/www.ljusglimtar.nu\/de\/guds-rike-ar-nara\/\">Zweiter Advent 2025 - \u201dDas Reich Gottes ist nahe\u201d<\/a><div class=\"wp-block-latest-posts__post-author\">von thopfit<\/div><time datetime=\"2025-12-03T18:08:05+00:00\" class=\"wp-block-latest-posts__post-date\">3. Dezember 2025<\/time><div class=\"wp-block-latest-posts__post-excerpt\">Reflektion \u00f6ver Mark 1:14\u201315 N\u00e4r Johannes hade blivit f\u00e4ngslad kom Jesus till Galileen och f\u00f6rkunnade Guds budskap\u00a0och sade: \u00bbTiden \u00e4r inne, Guds rike \u00e4r n\u00e4ra. Omv\u00e4nd er och tro p\u00e5 budskapet.\u00ab Mk.1:14-15 Evangelietexten f\u00f6r andra advent \u00e4r \u00e5rets kortaste: bara n\u00e5gra\u2026\u00a0<a class=\"wp-block-latest-posts__read-more\" href=\"https:\/\/www.ljusglimtar.nu\/de\/guds-rike-ar-nara\/\" rel=\"noopener noreferrer\"><span class=\"screen-reader-text\">Zweiter Advent 2025 - \u201dDas Reich Gottes ist nahe\u201d <\/span>weiterlesen<\/a><\/div><\/li>\n<li><a class=\"wp-block-latest-posts__post-title\" href=\"https:\/\/www.ljusglimtar.nu\/de\/frihet-i-gud\/\">Freiheit in Gott<\/a><div class=\"wp-block-latest-posts__post-author\">von thopfit<\/div><time datetime=\"2025-11-25T16:36:55+00:00\" class=\"wp-block-latest-posts__post-date\">November 25, 2025<\/time><div class=\"wp-block-latest-posts__post-excerpt\">Ein Vogel am Himmel, ein Kind mit seinem Drachen, ein Wasserfall, der dahinflie\u00dft, die tiefste Freiheit ist in mir, eine Stille ohne Grenzen, egal was im Leben passiert, ich bin frei. \u201dWo der Geist ist, da ist Freiheit\u201d 2. Korinther 3,17<\/div><\/li>\n<li><a class=\"wp-block-latest-posts__post-title\" href=\"https:\/\/www.ljusglimtar.nu\/de\/gudomlig-ordning\/\">G\u00f6ttliche Ordnung<\/a><div class=\"wp-block-latest-posts__post-author\">von thopfit<\/div><time datetime=\"2025-11-25T16:23:27+00:00\" class=\"wp-block-latest-posts__post-date\">November 25, 2025<\/time><div class=\"wp-block-latest-posts__post-excerpt\">Jag litar p\u00e5 Gud.Jag sl\u00e4pper taget och vilar i gudomlig ordning.N\u00e4r jag ser tillbaka f\u00f6rst\u00e5r jag att livet ofta blevb\u00e4ttre \u00e4n jag sj\u00e4lv hade planerat. Jag \u00f6var t\u00e5lamod och f\u00f6rs\u00f6ker inte styra allt.Alla mina \u00f6nskningar l\u00e4gger jag i b\u00f6n och l\u00e4mnar\u2026\u00a0<a class=\"wp-block-latest-posts__read-more\" href=\"https:\/\/www.ljusglimtar.nu\/de\/gudomlig-ordning\/\" rel=\"noopener noreferrer\"><span class=\"screen-reader-text\">G\u00f6ttliche Ordnung <\/span>weiterlesen<\/a><\/div><\/li>\n<li><a class=\"wp-block-latest-posts__post-title\" href=\"https:\/\/www.ljusglimtar.nu\/de\/nadens-gavor\/\">Die Gaben der Gnade<\/a><div class=\"wp-block-latest-posts__post-author\">von thopfit<\/div><time datetime=\"2025-11-25T11:40:45+00:00\" class=\"wp-block-latest-posts__post-date\">November 25, 2025<\/time><div class=\"wp-block-latest-posts__post-excerpt\">10 efter Trefaldighet 2025 \/ Matteusevangeliet 18:18-22 Detta var min sista predikan som kyrkoherde. Att st\u00e5 i predikstolen och h\u00e5lla en predikan \u00e4r b\u00e5de en utmaning och en gl\u00e4dje. Det \u00e4r kanske just d\u00e4r pr\u00e4sten \u00e4r mest pr\u00e4st. Jag har f\u00e5tt\u2026\u00a0<a class=\"wp-block-latest-posts__read-more\" href=\"https:\/\/www.ljusglimtar.nu\/de\/nadens-gavor\/\" rel=\"noopener noreferrer\"><span class=\"screen-reader-text\">Die Gaben der Gnade <\/span>weiterlesen<\/a><\/div><\/li>\n<\/ul>","protected":false},"excerpt":{"rendered":"","protected":false},"author":1,"featured_media":0,"parent":0,"menu_order":0,"comment_status":"closed","ping_status":"closed","template":"page-with-title","meta":{"om_disable_all_campaigns":false,"_monsterinsights_skip_tracking":false,"_monsterinsights_sitenote_active":false,"_monsterinsights_sitenote_note":"","_monsterinsights_sitenote_category":0,"_uf_show_specific_survey":0,"_uf_disable_surveys":false,"footnotes":""},"class_list":["post-104","page","type-page","status-publish","hentry"],"aioseo_notices":[],"_links":{"self":[{"href":"https:\/\/www.ljusglimtar.nu\/de\/wp-json\/wp\/v2\/pages\/104","targetHints":{"allow":["GET"]}}],"collection":[{"href":"https:\/\/www.ljusglimtar.nu\/de\/wp-json\/wp\/v2\/pages"}],"about":[{"href":"https:\/\/www.ljusglimtar.nu\/de\/wp-json\/wp\/v2\/types\/page"}],"author":[{"embeddable":true,"href":"https:\/\/www.ljusglimtar.nu\/de\/wp-json\/wp\/v2\/users\/1"}],"replies":[{"embeddable":true,"href":"https:\/\/www.ljusglimtar.nu\/de\/wp-json\/wp\/v2\/comments?post=104"}],"version-history":[{"count":2,"href":"https:\/\/www.ljusglimtar.nu\/de\/wp-json\/wp\/v2\/pages\/104\/revisions"}],"predecessor-version":[{"id":106,"href":"https:\/\/www.ljusglimtar.nu\/de\/wp-json\/wp\/v2\/pages\/104\/revisions\/106"}],"wp:attachment":[{"href":"https:\/\/www.ljusglimtar.nu\/de\/wp-json\/wp\/v2\/media?parent=104"}],"curies":[{"name":"wp","href":"https:\/\/api.w.org\/{rel}","templated":true}]}}