{"id":18,"date":"2025-09-16T14:33:18","date_gmt":"2025-09-16T14:33:18","guid":{"rendered":"https:\/\/www.ljusglimtar.nu\/startsida\/"},"modified":"2025-11-27T12:14:18","modified_gmt":"2025-11-27T12:14:18","slug":"startsida","status":"publish","type":"page","link":"https:\/\/www.ljusglimtar.nu\/de\/","title":{"rendered":"Startsida"},"content":{"rendered":"<div class=\"wp-block-group alignfull has-background-background-color has-background has-global-padding is-layout-constrained wp-container-core-group-is-layout-2a333c48 wp-block-group-is-layout-constrained\" style=\"margin-top:0;margin-bottom:0;padding-top:var(--wp--preset--spacing--30);padding-right:var(--wp--preset--spacing--30);padding-bottom:var(--wp--preset--spacing--60);padding-left:var(--wp--preset--spacing--30)\">\n<div class=\"wp-block-columns alignwide are-vertically-aligned-center is-layout-flex wp-container-core-columns-is-layout-fa584acd wp-block-columns-is-layout-flex\">\n<div class=\"wp-block-column is-vertically-aligned-center is-layout-flow wp-block-column-is-layout-flow\" style=\"flex-basis:40%\">\n<div class=\"wp-block-group has-global-padding is-layout-constrained wp-block-group-is-layout-constrained\">\n<h1 class=\"wp-block-heading has-text-align-center\">Texte mit <br>Tiefe und Bedeutung<\/h1>\n\n\n\n<p class=\"has-text-align-center\" style=\"margin-top:16px\">Eine pers\u00f6nliche Sammlung von Reflexionen und <br>Meditationen, die zum Nachdenken anregen sollen.<\/p>\n\n\n\n<div class=\"wp-block-buttons is-content-justification-center is-layout-flex wp-container-core-buttons-is-layout-6e21085f wp-block-buttons-is-layout-flex\" style=\"margin-top:var(--wp--preset--spacing--40)\">\n<div class=\"wp-block-button\"><a class=\"wp-block-button__link wp-element-button\" href=\"https:\/\/www.ljusglimtar.nu\/de\/alla-inlagg\/\">Alle Beitr\u00e4ge weiter lesen<\/a><\/div>\n<\/div>\n<\/div>\n<\/div>\n\n\n\n<div class=\"wp-block-column is-vertically-aligned-center is-layout-flow wp-block-column-is-layout-flow\" style=\"flex-basis:50%\">\n<div class=\"wp-block-cover is-light\" style=\"border-style:none;border-width:0px;border-radius:41px\"><img loading=\"lazy\" decoding=\"async\" width=\"724\" height=\"1024\" class=\"wp-block-cover__image-background wp-image-121\" alt=\"\" src=\"https:\/\/www.ljusglimtar.nu\/wp-content\/uploads\/2025\/11\/thopfit-4305-724x1024.jpg\" style=\"object-position:42% 8%\" data-object-fit=\"cover\" data-object-position=\"42% 8%\" srcset=\"https:\/\/www.ljusglimtar.nu\/wp-content\/uploads\/2025\/11\/thopfit-4305-724x1024.jpg 724w, https:\/\/www.ljusglimtar.nu\/wp-content\/uploads\/2025\/11\/thopfit-4305-212x300.jpg 212w, https:\/\/www.ljusglimtar.nu\/wp-content\/uploads\/2025\/11\/thopfit-4305-768x1086.jpg 768w, https:\/\/www.ljusglimtar.nu\/wp-content\/uploads\/2025\/11\/thopfit-4305-1086x1536.jpg 1086w, https:\/\/www.ljusglimtar.nu\/wp-content\/uploads\/2025\/11\/thopfit-4305-1448x2048.jpg 1448w, https:\/\/www.ljusglimtar.nu\/wp-content\/uploads\/2025\/11\/thopfit-4305-scaled.jpg 1811w\" sizes=\"auto, (max-width: 724px) 100vw, 724px\" \/><span aria-hidden=\"true\" class=\"wp-block-cover__background has-background-dim-0 has-background-dim\"><\/span><div class=\"wp-block-cover__inner-container is-layout-flow wp-block-cover-is-layout-flow\">\n<p><\/p>\n<\/div><\/div>\n\n\n\n<p class=\"has-text-align-right has-small-font-size\">Foto: Thopfit<\/p>\n<\/div>\n<\/div>\n<\/div>\n\n\n\n<div id=\"om\" class=\"wp-block-group has-global-padding is-content-justification-left is-layout-constrained wp-container-core-group-is-layout-234b647d wp-block-group-is-layout-constrained\" style=\"margin-top:0;margin-bottom:0;padding-top:var(--wp--preset--spacing--60);padding-right:var(--wp--preset--spacing--30);padding-bottom:var(--wp--preset--spacing--60);padding-left:var(--wp--preset--spacing--30)\">\n<h2 class=\"wp-block-heading\">Neueste Beitr\u00e4ge<\/h2>\n\n\n<ul class=\"wp-block-latest-posts__list has-dates has-author wp-block-latest-posts\"><li><a class=\"wp-block-latest-posts__post-title\" href=\"https:\/\/www.ljusglimtar.nu\/de\/thomas-tvivlaren\/\">Thomas - der Zweifler<\/a><div class=\"wp-block-latest-posts__post-author\">von thopfit<\/div><time datetime=\"2025-12-05T20:01:52+00:00\" class=\"wp-block-latest-posts__post-date\">5. Dezember 2025<\/time><div class=\"wp-block-latest-posts__post-excerpt\">Carvaggio 1571 &#8211; 1610, &#8221;The Incredulity of Saint Thomas&#8221;, 1601 En teologisk reflektion om tro, tvivel och vittnesb\u00f6rd Thomas namnsdag \u00e4r \u00e5ret kortaste, den 21.december. Han \u00e4r en fascinerande person och ber\u00e4ttelsen om honom \u00e4r djup. Hans reaktioner, fr\u00e5gor och krav speglar n\u00e5got grundl\u00e4ggande m\u00e4nskligt \u2013 hur tron formas i sp\u00e4nningsf\u00e4ltet mellan ber\u00e4ttelse och erfarenhet,\u2026\u00a0<a class=\"wp-block-latest-posts__read-more\" href=\"https:\/\/www.ljusglimtar.nu\/de\/thomas-tvivlaren\/\" rel=\"noopener noreferrer\"><span class=\"screen-reader-text\">Thomas - der Zweifler <\/span>weiterlesen<\/a><\/div><\/li>\n<li><a class=\"wp-block-latest-posts__post-title\" href=\"https:\/\/www.ljusglimtar.nu\/de\/guds-rike-ar-nara\/\">Zweiter Advent 2025 - \u201dDas Reich Gottes ist nahe\u201d<\/a><div class=\"wp-block-latest-posts__post-author\">von thopfit<\/div><time datetime=\"2025-12-03T18:08:05+00:00\" class=\"wp-block-latest-posts__post-date\">3. Dezember 2025<\/time><div class=\"wp-block-latest-posts__post-excerpt\">Reflektion \u00f6ver Mark 1:14\u201315 N\u00e4r Johannes hade blivit f\u00e4ngslad kom Jesus till Galileen och f\u00f6rkunnade Guds budskap\u00a0och sade: \u00bbTiden \u00e4r inne, Guds rike \u00e4r n\u00e4ra. Omv\u00e4nd er och tro p\u00e5 budskapet.\u00ab Mk.1:14-15 Evangelietexten f\u00f6r andra advent \u00e4r \u00e5rets kortaste: bara n\u00e5gra verser. Men de \u00e4r som en buljongt\u00e4rning \u2013 f\u00e5 ord som rymmer mycket. \u201dTiden\u2026\u00a0<a class=\"wp-block-latest-posts__read-more\" href=\"https:\/\/www.ljusglimtar.nu\/de\/guds-rike-ar-nara\/\" rel=\"noopener noreferrer\"><span class=\"screen-reader-text\">Zweiter Advent 2025 - \u201dDas Reich Gottes ist nahe\u201d <\/span>weiterlesen<\/a><\/div><\/li>\n<li><a class=\"wp-block-latest-posts__post-title\" href=\"https:\/\/www.ljusglimtar.nu\/de\/frihet-i-gud\/\">Freiheit in Gott<\/a><div class=\"wp-block-latest-posts__post-author\">von thopfit<\/div><time datetime=\"2025-11-25T16:36:55+00:00\" class=\"wp-block-latest-posts__post-date\">November 25, 2025<\/time><div class=\"wp-block-latest-posts__post-excerpt\">Ein Vogel am Himmel, ein Kind mit seinem Drachen, ein Wasserfall, der dahinflie\u00dft, die tiefste Freiheit ist in mir, eine Stille ohne Grenzen, egal was im Leben passiert, ich bin frei. \u201dWo der Geist ist, da ist Freiheit\u201d 2. Korinther 3,17<\/div><\/li>\n<li><a class=\"wp-block-latest-posts__post-title\" href=\"https:\/\/www.ljusglimtar.nu\/de\/gudomlig-ordning\/\">G\u00f6ttliche Ordnung<\/a><div class=\"wp-block-latest-posts__post-author\">von thopfit<\/div><time datetime=\"2025-11-25T16:23:27+00:00\" class=\"wp-block-latest-posts__post-date\">November 25, 2025<\/time><div class=\"wp-block-latest-posts__post-excerpt\">Jag litar p\u00e5 Gud.Jag sl\u00e4pper taget och vilar i gudomlig ordning.N\u00e4r jag ser tillbaka f\u00f6rst\u00e5r jag att livet ofta blevb\u00e4ttre \u00e4n jag sj\u00e4lv hade planerat. Jag \u00f6var t\u00e5lamod och f\u00f6rs\u00f6ker inte styra allt.Alla mina \u00f6nskningar l\u00e4gger jag i b\u00f6n och l\u00e4mnar \u00f6ver de till Gud.Jag sl\u00e4pper behovet av kontroll och litar p\u00e5 att det b\u00e4sta\u2026\u00a0<a class=\"wp-block-latest-posts__read-more\" href=\"https:\/\/www.ljusglimtar.nu\/de\/gudomlig-ordning\/\" rel=\"noopener noreferrer\"><span class=\"screen-reader-text\">G\u00f6ttliche Ordnung <\/span>weiterlesen<\/a><\/div><\/li>\n<li><a class=\"wp-block-latest-posts__post-title\" href=\"https:\/\/www.ljusglimtar.nu\/de\/nadens-gavor\/\">Die Gaben der Gnade<\/a><div class=\"wp-block-latest-posts__post-author\">von thopfit<\/div><time datetime=\"2025-11-25T11:40:45+00:00\" class=\"wp-block-latest-posts__post-date\">November 25, 2025<\/time><div class=\"wp-block-latest-posts__post-excerpt\">10 efter Trefaldighet 2025 \/ Matteusevangeliet 18:18-22 Detta var min sista predikan som kyrkoherde. Att st\u00e5 i predikstolen och h\u00e5lla en predikan \u00e4r b\u00e5de en utmaning och en gl\u00e4dje. Det \u00e4r kanske just d\u00e4r pr\u00e4sten \u00e4r mest pr\u00e4st. Jag har f\u00e5tt predika i kyrkans tj\u00e4nst sedan den 1 april 1989, d\u00e5 jag b\u00f6rjade som pastorsadjunkt\u2026\u00a0<a class=\"wp-block-latest-posts__read-more\" href=\"https:\/\/www.ljusglimtar.nu\/de\/nadens-gavor\/\" rel=\"noopener noreferrer\"><span class=\"screen-reader-text\">Die Gaben der Gnade <\/span>weiterlesen<\/a><\/div><\/li>\n<\/ul><\/div>\n\n\n\n<div class=\"wp-block-aioseo-key-points\"><div class=\"aioseo-key-points-block-content\">\n<ul class=\"wp-block-list\"><\/ul>\n<\/div><\/div>","protected":false},"excerpt":{"rendered":"<p>Texter med djup och mening En personlig samling av reflektioner och meditationer som ska v\u00e4cka eftertanke. Foto: Thopfit Senaste inl\u00e4gg<\/p>","protected":false},"author":1,"featured_media":0,"parent":0,"menu_order":0,"comment_status":"closed","ping_status":"closed","template":"no-title","meta":{"om_disable_all_campaigns":false,"_monsterinsights_skip_tracking":false,"_monsterinsights_sitenote_active":false,"_monsterinsights_sitenote_note":"","_monsterinsights_sitenote_category":0,"_uf_show_specific_survey":0,"_uf_disable_surveys":false,"footnotes":""},"class_list":["post-18","page","type-page","status-publish","hentry"],"aioseo_notices":[],"_links":{"self":[{"href":"https:\/\/www.ljusglimtar.nu\/de\/wp-json\/wp\/v2\/pages\/18","targetHints":{"allow":["GET"]}}],"collection":[{"href":"https:\/\/www.ljusglimtar.nu\/de\/wp-json\/wp\/v2\/pages"}],"about":[{"href":"https:\/\/www.ljusglimtar.nu\/de\/wp-json\/wp\/v2\/types\/page"}],"author":[{"embeddable":true,"href":"https:\/\/www.ljusglimtar.nu\/de\/wp-json\/wp\/v2\/users\/1"}],"replies":[{"embeddable":true,"href":"https:\/\/www.ljusglimtar.nu\/de\/wp-json\/wp\/v2\/comments?post=18"}],"version-history":[{"count":10,"href":"https:\/\/www.ljusglimtar.nu\/de\/wp-json\/wp\/v2\/pages\/18\/revisions"}],"predecessor-version":[{"id":129,"href":"https:\/\/www.ljusglimtar.nu\/de\/wp-json\/wp\/v2\/pages\/18\/revisions\/129"}],"wp:attachment":[{"href":"https:\/\/www.ljusglimtar.nu\/de\/wp-json\/wp\/v2\/media?parent=18"}],"curies":[{"name":"wp","href":"https:\/\/api.w.org\/{rel}","templated":true}]}}