{"id":75,"date":"2025-11-25T11:52:14","date_gmt":"2025-11-25T11:52:14","guid":{"rendered":"https:\/\/www.ljusglimtar.nu\/?page_id=75"},"modified":"2025-11-25T11:52:14","modified_gmt":"2025-11-25T11:52:14","slug":"predikningar","status":"publish","type":"page","link":"https:\/\/www.ljusglimtar.nu\/de\/predikningar\/","title":{"rendered":"Predigten"},"content":{"rendered":"<ul class=\"wp-block-latest-posts__list has-dates has-author wp-block-latest-posts\"><li><a class=\"wp-block-latest-posts__post-title\" href=\"https:\/\/www.ljusglimtar.nu\/de\/guds-rike-ar-nara\/\">Zweiter Advent 2025 - \u201dDas Reich Gottes ist nahe\u201d<\/a><div class=\"wp-block-latest-posts__post-author\">von thopfit<\/div><time datetime=\"2025-12-03T18:08:05+00:00\" class=\"wp-block-latest-posts__post-date\">3. Dezember 2025<\/time><div class=\"wp-block-latest-posts__post-excerpt\">Reflektion \u00f6ver Mark 1:14\u201315 N\u00e4r Johannes hade blivit f\u00e4ngslad kom Jesus till Galileen och f\u00f6rkunnade Guds budskap\u00a0och sade: \u00bbTiden \u00e4r\u2026\u00a0<a class=\"wp-block-latest-posts__read-more\" href=\"https:\/\/www.ljusglimtar.nu\/de\/guds-rike-ar-nara\/\" rel=\"noopener noreferrer\"><span class=\"screen-reader-text\">Zweiter Advent 2025 - \u201dDas Reich Gottes ist nahe\u201d <\/span>weiterlesen<\/a><\/div><\/li>\n<li><a class=\"wp-block-latest-posts__post-title\" href=\"https:\/\/www.ljusglimtar.nu\/de\/nadens-gavor\/\">Die Gaben der Gnade<\/a><div class=\"wp-block-latest-posts__post-author\">von thopfit<\/div><time datetime=\"2025-11-25T11:40:45+00:00\" class=\"wp-block-latest-posts__post-date\">November 25, 2025<\/time><div class=\"wp-block-latest-posts__post-excerpt\">10 efter Trefaldighet 2025 \/ Matteusevangeliet 18:18-22 Detta var min sista predikan som kyrkoherde. Att st\u00e5 i predikstolen och h\u00e5lla\u2026\u00a0<a class=\"wp-block-latest-posts__read-more\" href=\"https:\/\/www.ljusglimtar.nu\/de\/nadens-gavor\/\" rel=\"noopener noreferrer\"><span class=\"screen-reader-text\">Die Gaben der Gnade <\/span>weiterlesen<\/a><\/div><\/li>\n<\/ul>","protected":false},"excerpt":{"rendered":"","protected":false},"author":1,"featured_media":0,"parent":0,"menu_order":0,"comment_status":"closed","ping_status":"closed","template":"page-with-title","meta":{"om_disable_all_campaigns":false,"_monsterinsights_skip_tracking":false,"_monsterinsights_sitenote_active":false,"_monsterinsights_sitenote_note":"","_monsterinsights_sitenote_category":0,"_uf_show_specific_survey":0,"_uf_disable_surveys":false,"footnotes":""},"class_list":["post-75","page","type-page","status-publish","hentry"],"aioseo_notices":[],"_links":{"self":[{"href":"https:\/\/www.ljusglimtar.nu\/de\/wp-json\/wp\/v2\/pages\/75","targetHints":{"allow":["GET"]}}],"collection":[{"href":"https:\/\/www.ljusglimtar.nu\/de\/wp-json\/wp\/v2\/pages"}],"about":[{"href":"https:\/\/www.ljusglimtar.nu\/de\/wp-json\/wp\/v2\/types\/page"}],"author":[{"embeddable":true,"href":"https:\/\/www.ljusglimtar.nu\/de\/wp-json\/wp\/v2\/users\/1"}],"replies":[{"embeddable":true,"href":"https:\/\/www.ljusglimtar.nu\/de\/wp-json\/wp\/v2\/comments?post=75"}],"version-history":[{"count":2,"href":"https:\/\/www.ljusglimtar.nu\/de\/wp-json\/wp\/v2\/pages\/75\/revisions"}],"predecessor-version":[{"id":77,"href":"https:\/\/www.ljusglimtar.nu\/de\/wp-json\/wp\/v2\/pages\/75\/revisions\/77"}],"wp:attachment":[{"href":"https:\/\/www.ljusglimtar.nu\/de\/wp-json\/wp\/v2\/media?parent=75"}],"curies":[{"name":"wp","href":"https:\/\/api.w.org\/{rel}","templated":true}]}}