{"id":80,"date":"2025-11-25T12:03:04","date_gmt":"2025-11-25T12:03:04","guid":{"rendered":"https:\/\/www.ljusglimtar.nu\/?page_id=80"},"modified":"2025-11-25T19:50:50","modified_gmt":"2025-11-25T19:50:50","slug":"blogg","status":"publish","type":"page","link":"https:\/\/www.ljusglimtar.nu\/de\/blogg\/","title":{"rendered":"Blog"},"content":{"rendered":"<ul class=\"wp-block-latest-posts__list has-dates has-author wp-block-latest-posts\"><li><a class=\"wp-block-latest-posts__post-title\" href=\"https:\/\/www.ljusglimtar.nu\/de\/thomas-tvivlaren\/\">Thomas - der Zweifler<\/a><div class=\"wp-block-latest-posts__post-author\">von thopfit<\/div><time datetime=\"2025-12-05T20:01:52+00:00\" class=\"wp-block-latest-posts__post-date\">5. Dezember 2025<\/time><div class=\"wp-block-latest-posts__post-excerpt\">Carvaggio 1571 &#8211; 1610, &#8221;The Incredulity of Saint Thomas&#8221;, 1601 En teologisk reflektion om tro, tvivel och vittnesb\u00f6rd Thomas namnsdag \u00e4r \u00e5ret kortaste, den 21.december. Han \u00e4r en fascinerande person och ber\u00e4ttelsen om honom \u00e4r djup. Hans reaktioner, fr\u00e5gor och krav speglar n\u00e5got grundl\u00e4ggande m\u00e4nskligt \u2013 hur tron formas i sp\u00e4nningsf\u00e4ltet mellan ber\u00e4ttelse och erfarenhet,\u2026\u00a0<a class=\"wp-block-latest-posts__read-more\" href=\"https:\/\/www.ljusglimtar.nu\/de\/thomas-tvivlaren\/\" rel=\"noopener noreferrer\"><span class=\"screen-reader-text\">Thomas - der Zweifler <\/span>weiterlesen<\/a><\/div><\/li>\n<li><a class=\"wp-block-latest-posts__post-title\" href=\"https:\/\/www.ljusglimtar.nu\/de\/predikningar-som-vacker-tankar-och-kanslor\/\">F\u00f6rsta s\u00f6ndagen i advent<\/a><div class=\"wp-block-latest-posts__post-author\">von thopfit<\/div><time datetime=\"2025-11-25T00:00:30+00:00\" class=\"wp-block-latest-posts__post-date\">November 25, 2025<\/time><div class=\"wp-block-latest-posts__post-excerpt\">Om ljus, m\u00f6rker och den stilla f\u00f6r\u00e4ndringen i blicken Advent kommer alltid med en m\u00e4rklig dubbelhet: samtidigt som v\u00e4rlden k\u00e4nns kallare och m\u00f6rkare, \u00f6ppnas ett kyrkorum d\u00e4r ljus och n\u00e4rvaro f\u00e5r annat djup. Detta \u00e4r min reflektion fr\u00e5n f\u00f6rsta s\u00f6ndagen i advent \u2013 om kommersens brus, om ljuset som s\u00f6ker oss och om hur Gud\u2026\u00a0<a class=\"wp-block-latest-posts__read-more\" href=\"https:\/\/www.ljusglimtar.nu\/de\/predikningar-som-vacker-tankar-och-kanslor\/\" rel=\"noopener noreferrer\"><span class=\"screen-reader-text\">F\u00f6rsta s\u00f6ndagen i advent <\/span>weiterlesen<\/a><\/div><\/li>\n<\/ul>","protected":false},"excerpt":{"rendered":"","protected":false},"author":1,"featured_media":0,"parent":0,"menu_order":0,"comment_status":"closed","ping_status":"closed","template":"page-with-title","meta":{"om_disable_all_campaigns":false,"_monsterinsights_skip_tracking":false,"_monsterinsights_sitenote_active":false,"_monsterinsights_sitenote_note":"","_monsterinsights_sitenote_category":0,"_uf_show_specific_survey":0,"_uf_disable_surveys":false,"footnotes":""},"class_list":["post-80","page","type-page","status-publish","hentry"],"aioseo_notices":[],"_links":{"self":[{"href":"https:\/\/www.ljusglimtar.nu\/de\/wp-json\/wp\/v2\/pages\/80","targetHints":{"allow":["GET"]}}],"collection":[{"href":"https:\/\/www.ljusglimtar.nu\/de\/wp-json\/wp\/v2\/pages"}],"about":[{"href":"https:\/\/www.ljusglimtar.nu\/de\/wp-json\/wp\/v2\/types\/page"}],"author":[{"embeddable":true,"href":"https:\/\/www.ljusglimtar.nu\/de\/wp-json\/wp\/v2\/users\/1"}],"replies":[{"embeddable":true,"href":"https:\/\/www.ljusglimtar.nu\/de\/wp-json\/wp\/v2\/comments?post=80"}],"version-history":[{"count":1,"href":"https:\/\/www.ljusglimtar.nu\/de\/wp-json\/wp\/v2\/pages\/80\/revisions"}],"predecessor-version":[{"id":81,"href":"https:\/\/www.ljusglimtar.nu\/de\/wp-json\/wp\/v2\/pages\/80\/revisions\/81"}],"wp:attachment":[{"href":"https:\/\/www.ljusglimtar.nu\/de\/wp-json\/wp\/v2\/media?parent=80"}],"curies":[{"name":"wp","href":"https:\/\/api.w.org\/{rel}","templated":true}]}}